{"id":30,"date":"2015-08-19T17:03:10","date_gmt":"2015-08-19T17:03:10","guid":{"rendered":"https:\/\/www.math.aau.at\/MEMO2016\/?page_id=30"},"modified":"2016-06-19T07:50:15","modified_gmt":"2016-06-19T07:50:15","slug":"impressum","status":"publish","type":"page","link":"https:\/\/www.math.aau.at\/MEMO2016\/?page_id=30","title":{"rendered":"Impressum"},"content":{"rendered":"<p><strong>Homepage der 10. Mitteleurop\u00e4ischen Mathematik-Olympiade (MEMO) 2016<\/strong><\/p>\n<dl>\n<dt><strong>Webmaster:<\/strong><\/dt>\n<dd>Birgit Vera Schmidt und Clemens Heuberger<\/dd>\n<dt><strong>Medieninhaber und Herausgeber:<\/strong><\/dt>\n<dd>Clemens Heuberger<br \/>\nInstitut f\u00fcr Mathematik<br \/>\n<a title=\"University\" href=\"http:\/\/www.uni-klu.ac.at\/main\/inhalt\/1641.htm\"> Alpen-Adria-Universit\u00e4t Klagenfurt<\/a><br \/>\nUniversit\u00e4tsstra\u00dfe 65\u201367<br \/>\n9020 Klagenfurt am W\u00f6rthersee<br \/>\nAustria<\/dd>\n<\/dl>\n<dl>\n<dt><strong>Elektronische Erreichbarkeit der Webmaster:<\/strong><\/dt>\n<dd>\n<p class=\"iw\"><span class=\"go\"><a href=\"mailto:memo2016@aau.at\">memo2016@aau.at<\/a><\/span><\/p>\n<\/dd>\n<\/dl>\n","protected":false},"excerpt":{"rendered":"<p>Homepage der 10. Mitteleurop\u00e4ischen Mathematik-Olympiade (MEMO) 2016 Webmaster: Birgit Vera Schmidt und Clemens Heuberger Medieninhaber und Herausgeber: Clemens Heuberger Institut f\u00fcr Mathematik Alpen-Adria-Universit\u00e4t Klagenfurt Universit\u00e4tsstra\u00dfe 65\u201367 9020 Klagenfurt am W\u00f6rthersee Austria Elektronische Erreichbarkeit der Webmaster: memo2016@aau.at<\/p>\n","protected":false},"author":2,"featured_media":0,"parent":0,"menu_order":100,"comment_status":"closed","ping_status":"closed","template":"","meta":[],"_links":{"self":[{"href":"https:\/\/www.math.aau.at\/MEMO2016\/index.php?rest_route=\/wp\/v2\/pages\/30"}],"collection":[{"href":"https:\/\/www.math.aau.at\/MEMO2016\/index.php?rest_route=\/wp\/v2\/pages"}],"about":[{"href":"https:\/\/www.math.aau.at\/MEMO2016\/index.php?rest_route=\/wp\/v2\/types\/page"}],"author":[{"embeddable":true,"href":"https:\/\/www.math.aau.at\/MEMO2016\/index.php?rest_route=\/wp\/v2\/users\/2"}],"replies":[{"embeddable":true,"href":"https:\/\/www.math.aau.at\/MEMO2016\/index.php?rest_route=%2Fwp%2Fv2%2Fcomments&post=30"}],"version-history":[{"count":7,"href":"https:\/\/www.math.aau.at\/MEMO2016\/index.php?rest_route=\/wp\/v2\/pages\/30\/revisions"}],"predecessor-version":[{"id":275,"href":"https:\/\/www.math.aau.at\/MEMO2016\/index.php?rest_route=\/wp\/v2\/pages\/30\/revisions\/275"}],"wp:attachment":[{"href":"https:\/\/www.math.aau.at\/MEMO2016\/index.php?rest_route=%2Fwp%2Fv2%2Fmedia&parent=30"}],"curies":[{"name":"wp","href":"https:\/\/api.w.org\/{rel}","templated":true}]}}