{"id":191,"date":"2016-01-18T18:34:15","date_gmt":"2016-01-18T18:34:15","guid":{"rendered":"https:\/\/www.math.aau.at\/MEMO2016\/?page_id=191"},"modified":"2021-11-20T08:46:19","modified_gmt":"2021-11-20T08:46:19","slug":"contacts","status":"publish","type":"page","link":"https:\/\/www.math.aau.at\/MEMO2016\/?page_id=191","title":{"rendered":"About Us"},"content":{"rendered":"\n<h2>Organizers<\/h2>\n<p><center><\/p>\n<table>\n<tr>\n<td colspan=\"4\"><center><img src=\"https:\/\/www.math.aau.at\/MEMO2016\/wp-content\/uploads\/2016\/09\/Gst\u00f6ttner.jpg\" alt=\"Gst\u00f6ttner\" width=\"240\" class=\"alignnone size-full\" \/><br \/>\nHeinrich Josef Gst\u00f6ttner<\/center><\/td>\n<td colspan=\"4\"><center><img src=\"https:\/\/www.math.aau.at\/MEMO2016\/wp-content\/uploads\/2016\/09\/Heuberger.jpg\" alt=\"Heuberger\" width=\"240\" class=\"alignnone size-full\" \/><br \/>\nClemens Heuberger<\/center><\/td>\n<td colspan=\"4\"><center><img src=\"https:\/\/www.math.aau.at\/MEMO2016\/wp-content\/uploads\/2016\/09\/Schmidt.jpg\" alt=\"Schmidt\" width=\"240\" class=\"alignnone size-full\" \/><br \/>\nBirgit Vera Schmidt<\/center><\/td>\n<\/tr>\n<tr>\n<td colspan=\"3\"><center><img src=\"https:\/\/www.math.aau.at\/MEMO2016\/wp-content\/uploads\/2016\/09\/Derndorfer.jpg\" alt=\"Derndorfer\" width=\"180\" class=\"alignnone size-full\" \/><br \/>\nKlaus Derndorfer<\/center><\/td>\n<td colspan=\"3\"><center><img src=\"https:\/\/www.math.aau.at\/MEMO2016\/wp-content\/uploads\/2016\/09\/Hackl.jpg\" alt=\"Hackl\" width=\"180\" class=\"alignnone size-full\" \/><br \/>\nBenjamin Hackl<\/center><\/td>\n<td colspan=\"3\"><center><img src=\"https:\/\/www.math.aau.at\/MEMO2016\/wp-content\/uploads\/2016\/09\/Henner.jpg\" alt=\"Henner\" width=\"180\" class=\"alignnone size-full\" \/><br \/>\nRichard Henner<\/center><\/td>\n<td colspan=\"3\"><center><img src=\"https:\/\/www.math.aau.at\/MEMO2016\/wp-content\/uploads\/2016\/09\/Kreuzer.jpg\" alt=\"Kreuzer\" width=\"180\" class=\"alignnone size-full\" \/><br \/>\nBettina Kreuzer<\/center><\/td>\n<\/tr>\n<tr style=\"border: none; visibility: collapse;\">\n  <td style=\"width: 7%; border: none\"><\/td>\n  <td style=\"width: 7%; border: none\"><\/td>\n  <td style=\"width: 7%; border: none\"><\/td>\n  <td style=\"width: 7%; border: none\"><\/td>\n  <td style=\"width: 7%; border: none\"><\/td>\n  <td style=\"width: 7%; border: none\"><\/td>\n  <td style=\"width: 7%; border: none\"><\/td>\n  <td style=\"width: 7%; border: none\"><\/td>\n  <td style=\"width: 7%; border: none\"><\/td>\n  <td style=\"width: 7%; border: none\"><\/td>\n  <td style=\"width: 7%; border: none\"><\/td>\n  <td style=\"width: 7%; border: none\"><\/td>\n<\/tr>\n<\/table>\n<p><\/center><\/p>\n<h2>Coordinators &amp; Problem Selection Committee<\/h2>\n<p><center><\/p>\n<table>\n<tr>\n<th width=\"15%\"><center>Algebra<\/center><\/th>\n<th width=\"15%\"><center>Combinatorics<\/center><\/th>\n<th width=\"15%\"><center>Geometry<\/center><\/th>\n<th width=\"15%\"><center>Number Theory<\/center><\/th>\n<th width=\"15%\"><center>Problem Selection Committee<\/center><\/th>\n<\/tr>\n<tr>\n<td><center><img src=\"https:\/\/www.math.aau.at\/MEMO2016\/wp-content\/uploads\/2016\/09\/Kirchner.jpg\" alt=\"Kirchner\" width=\"180\" class=\"alignnone size-full\" \/><br \/>\nGerhard Kirchner<\/center><\/td>\n<td><center><img src=\"https:\/\/www.math.aau.at\/MEMO2016\/wp-content\/uploads\/2016\/09\/Geretschl\u00e4ger.jpg\" alt=\"Geretschl\u00e4ger\" width=\"180\" class=\"alignnone size-full\" \/><br \/>\nRobert Geretschl\u00e4ger<\/center><\/td>\n<td><center><img src=\"https:\/\/www.math.aau.at\/MEMO2016\/wp-content\/uploads\/2016\/09\/Czakler.jpg\" alt=\"Czakler\" width=\"180\" class=\"alignnone size-full\" \/><br \/>\nKarl Czakler<\/center><\/td>\n<td><center><img src=\"https:\/\/www.math.aau.at\/MEMO2016\/wp-content\/uploads\/2016\/09\/Eisenk\u00f6lbl.jpg\" alt=\"Eisenk\u00f6lbl\" width=\"180\" class=\"alignnone size-full\" \/><br \/>\nTheresia Eisenk\u00f6lbl<\/center><\/td>\n<td rowspan=\"2\"><center><img src=\"https:\/\/www.math.aau.at\/MEMO2016\/wp-content\/uploads\/2016\/09\/Wagner.jpg\" alt=\"Wagner\" width=\"180\" class=\"alignnone size-full\" \/><br \/>\nStephan Wagner<\/center><\/td>\n<\/tr>\n<tr>\n<td><center><img src=\"https:\/\/www.math.aau.at\/MEMO2016\/wp-content\/uploads\/2016\/09\/Jahnel.jpg\" alt=\"Jahnel\" width=\"180\" class=\"alignnone size-full\" \/><br \/>\nJ\u00f6rg Jahnel<\/center><\/td>\n<td><center><img src=\"https:\/\/www.math.aau.at\/MEMO2016\/wp-content\/uploads\/2016\/09\/Dr\u00e4xler.jpg\" alt=\"Dr\u00e4xler\" width=\"180\" class=\"alignnone size-full\" \/><br \/>\nFelix Dr\u00e4xler<\/center><\/td>\n<td><center><img src=\"https:\/\/www.math.aau.at\/MEMO2016\/wp-content\/uploads\/2016\/09\/FuchsE.png\" alt=\"Fuchs\" width=\"180\" class=\"alignnone size-full\" \/><br \/>\nErich Fuchs<\/center><\/td>\n<td><center><img src=\"https:\/\/www.math.aau.at\/MEMO2016\/wp-content\/uploads\/2016\/09\/Ziegler.jpg\" alt=\"Ziegler\" width=\"180\" class=\"alignnone size-full\" \/><br \/>\nVolker Ziegler<\/center><\/td>\n<\/tr>\n<\/table>\n<p><\/center><\/p>\n<h2>Guides<\/h2>\n<p><center><\/p>\n<table>\n<tr>\n<td width=\"15%\"><center><img src=\"https:\/\/www.math.aau.at\/MEMO2016\/wp-content\/uploads\/2016\/09\/P\u00f6tzi.jpg\" alt=\"P\u00f6tzi\" width=\"180\" class=\"alignnone size-full\" \/><br \/>\nSusanne P\u00f6tzi<br \/>\nGuide for Austria \/ <strong>Chief Guide<\/strong><\/center><\/td>\n<td width=\"15%\"><center><img src=\"https:\/\/www.math.aau.at\/MEMO2016\/wp-content\/uploads\/2016\/09\/Aigner.jpg\" alt=\"Aigner\" width=\"180\" class=\"alignnone size-full\" \/><br \/>\nFlorian Aigner<br \/>\nGuide for Germany<\/center><\/td>\n<td width=\"15%\"><center><img src=\"https:\/\/www.math.aau.at\/MEMO2016\/wp-content\/uploads\/2016\/09\/FuchsA.jpg\" alt=\"Fuchs\" width=\"180\" class=\"alignnone size-full\" \/><br \/>\nAdrian Fuchs<br \/>\nGuide for Croatia<\/center><\/td>\n<td width=\"15%\"><center><img src=\"https:\/\/www.math.aau.at\/MEMO2016\/wp-content\/uploads\/2016\/09\/Haunschmid.jpg\" alt=\"Haunschmid\" width=\"180\" class=\"alignnone size-full\" \/><br \/>\nLevi Haunschmid<br \/>\nGuide for Lithuania<\/center><\/td>\n<td width=\"15%\"><center><img src=\"https:\/\/www.math.aau.at\/MEMO2016\/wp-content\/uploads\/2016\/09\/Hiebler.jpg\" alt=\"Hiebler\" width=\"180\" class=\"alignnone size-full\" \/><br \/>\nMoritz Hiebler<br \/>\nGuide for Hungary<\/center><\/td>\n<\/tr>\n<tr>\n<td><center><img src=\"https:\/\/www.math.aau.at\/MEMO2016\/wp-content\/uploads\/2016\/09\/H\u00fcbner.jpg\" alt=\"H\u00fcbner\" width=\"180\" class=\"alignnone size-full\" \/><br \/>\nValentin H\u00fcbner<br \/>\nGuide for Slovenia<\/center><\/td>\n<td><center><img src=\"https:\/\/www.math.aau.at\/MEMO2016\/wp-content\/uploads\/2016\/09\/Lindorfer.jpg\" alt=\"Lindorfer\" width=\"180\" class=\"alignnone size-full\" \/><br \/>\nChristian Lindorfer<br \/>\nGuide for Poland<\/center><\/td>\n<td><center><img src=\"https:\/\/www.math.aau.at\/MEMO2016\/wp-content\/uploads\/2016\/09\/Reich-Rohrwig.jpg\" alt=\"Reich-Rohrwig\" width=\"180\" class=\"alignnone size-full\" \/><br \/>\nMatthias Reich-Rohrwig<br \/>\nGuide for Switzerland<\/center><\/td>\n<td><center><img src=\"https:\/\/www.math.aau.at\/MEMO2016\/wp-content\/uploads\/2016\/09\/Schallmainer.jpg\" alt=\"Schallmainer\" width=\"180\" class=\"alignnone size-full\" \/><br \/>\nMagdalena Schallmainer<br \/>\nGuide for Czech Republic<\/center><\/td>\n<td><center><img src=\"https:\/\/www.math.aau.at\/MEMO2016\/wp-content\/uploads\/2016\/09\/Sch\u00f6berl.jpg\" alt=\"Sch\u00f6berl\" width=\"180\" class=\"alignnone size-full\" \/><br \/>\nStefan Sch\u00f6berl<br \/>\nGuide for Slovakia<\/center><\/td>\n<\/tr>\n<\/table>\n<p><\/center><\/p>\n<h2>Support<\/h2>\n<p><center><\/p>\n<table>\n<tr>\n<td width=\"15%\"><center><img src=\"https:\/\/www.math.aau.at\/MEMO2016\/wp-content\/uploads\/2016\/09\/Andersen.jpg\" alt=\"Andersen\" width=\"180\" class=\"alignnone size-full\" \/><br \/>\nElisabeth Andersen<br \/>\nInvigilator<\/center><\/td>\n<td width=\"15%\"><center><img src=\"https:\/\/www.math.aau.at\/MEMO2016\/wp-content\/uploads\/2016\/09\/Feichtinger.jpg\" alt=\"Feichtinger\" width=\"180\" class=\"alignnone size-full\" \/><br \/>\nRobert Feichtinger<br \/>\nInvigilator, Scanning<\/center><\/td>\n<td width=\"15%\"><center><img src=\"https:\/\/www.math.aau.at\/MEMO2016\/wp-content\/uploads\/2016\/09\/Geretschl\u00e4ger-Hauptmann.jpg\" alt=\"Geretschl\u00e4ger-Hauptmann\" width=\"180\" class=\"alignnone size-full\" \/><br \/>\nZita Geretschl\u00e4ger-Hauptmann<br \/>\nPhotographer<\/center><\/td>\n<td width=\"15%\"><center><img src=\"https:\/\/www.math.aau.at\/MEMO2016\/wp-content\/uploads\/2016\/09\/Goerzen.jpg\" alt=\"Goerzen\" width=\"180\" class=\"alignnone size-full\" \/><br \/>\nHelmut Goerzen<br \/>\nInvigilator<\/center><\/td>\n<td width=\"15%\"><center><br \/>\nMaria Gst\u00f6ttner<br \/>\nClosing Ceremony Preparation<\/center><\/td>\n<\/tr>\n<tr>\n<td><center><img src=\"https:\/\/www.math.aau.at\/MEMO2016\/wp-content\/uploads\/2016\/01\/Kiener.jpg\" alt=\"Kiener\" width=\"180\" class=\"alignnone size-full\" \/><br \/>\nElisabeth Kiener<br \/>\nClosing Ceremony Preparation<\/center><\/td>\n<td><center><img src=\"https:\/\/www.math.aau.at\/MEMO2016\/wp-content\/uploads\/2016\/09\/Kolnberger.jpg\" alt=\"Kolnberger\" width=\"180\" class=\"alignnone size-full\" \/><br \/>\nMichael Kolnberger<br \/>\nInvigilator, Scanning<\/center><\/td>\n<td><center><img src=\"https:\/\/www.math.aau.at\/MEMO2016\/wp-content\/uploads\/2016\/09\/Kometer.png\" alt=\"Kometer\" width=\"180\" class=\"alignnone size-full\" \/><br \/>\nDavid Kometer<br \/>\nInvigilator<\/center><\/td>\n<td><center><br \/>\nAngel Luzolo<br \/>\nClosing Ceremony Preparation<\/center><\/td>\n<td><center><br \/>\nEsther Luzolo<br \/>\nClosing Ceremony Preparation<\/center><\/td>\n<\/tr>\n<tr>\n<td><center><br \/>\nRuth Makiese Nzola<br \/>\nClosing Ceremony Preparation<\/center><\/td>\n<td><center><img src=\"https:\/\/www.math.aau.at\/MEMO2016\/wp-content\/uploads\/2016\/09\/Popov.jpg\" alt=\"Popov\" width=\"180\" class=\"alignnone size-full\" \/><br \/>\nNikolaj Popov<br \/>\nLanguage Support<\/center><\/td>\n<td><center><img src=\"https:\/\/www.math.aau.at\/MEMO2016\/wp-content\/uploads\/2016\/01\/Radlgruber.jpg\" alt=\"Radlgruber\" width=\"180\" class=\"alignnone size-full\" \/><br \/>\nElisabeth Radlgruber<br \/>\nClosing Ceremony Preparation<\/center><\/td>\n<td><center><img src=\"https:\/\/www.math.aau.at\/MEMO2016\/wp-content\/uploads\/2016\/09\/Seitl.jpg\" alt=\"Seitl\" width=\"180\" class=\"alignnone size-full\" \/><br \/>\nJoachim Seitl<br \/>\nInvigilator<\/center><\/td>\n<td><center><img src=\"https:\/\/www.math.aau.at\/MEMO2016\/wp-content\/uploads\/2016\/09\/Tiedtke.jpg\" alt=\"Tiedtke\" width=\"180\" class=\"alignnone size-full\" \/><br \/>\nGerhild Tiedtke<br \/>\nInvigilator<\/center><\/td>\n<\/tr>\n<\/table>\n<p><\/center><\/p>\n<h2>Hosting<\/h2>\n<p>The MEMO 2016 in V\u00f6cklabruck, Austria, is hosted by the <a href=\"https:\/\/www.bmb.gv.at\/enfr\/index.html\" target=\"_blank\" rel=\"noopener\">Austrian Federal Ministry of Education<\/a>.<\/p>\n<p>On behalf of the ministry, the event program is organized by:<\/p>\n<ul>\n<li>Heinrich Josef Gst\u00f6ttner<\/li>\n<li>Clemens Heuberger<\/li>\n<li>Birgit Vera Schmidt<\/li>\n<\/ul>\n<p>You can contact us at <a href=\"mailto:memo2016@aau.at\">memo2016@aau.at<\/a> at any time!<\/p>\n<hr\/>\n<p><span style=\"color: #999999; padding: 0;\">Die MEMO 2016 in V\u00f6cklabruck, Austria, wird vom <a href=\"https:\/\/www.bmb.gv.at\/\" target=\"_blank\" rel=\"noopener\">\u00d6sterreichischen Bundesministerium f\u00fcr Bildung<\/a> veranstaltet.<\/span><\/p>\n<p><span style=\"color: #999999; padding: 0;\">Im Auftrag des Ministeriums wird das Eventprogramm organisiert von:<\/span><\/p>\n<ul><span style=\"color: #999999; padding: 0;\"><\/p>\n<li>Heinrich Josef Gst\u00f6ttner<\/li>\n<li>Clemens Heuberger<\/li>\n<li>Birgit Vera Schmidt<\/li>\n<p><\/span>\n<\/ul>\n<p><span style=\"color: #999999; padding: 0;\">Wir sind unter <a href=\"mailto:memo2016@aau.at\">memo2016@aau.at<\/a> jederzeit erreichbar!<\/span><\/p>\n","protected":false},"excerpt":{"rendered":"<p>Organizers Heinrich Josef Gst\u00f6ttner Clemens Heuberger Birgit Vera Schmidt Klaus Derndorfer Benjamin Hackl Richard Henner Bettina Kreuzer Coordinators &amp; Problem Selection Committee Algebra Combinatorics Geometry Number Theory Problem Selection Committee Gerhard Kirchner Robert Geretschl\u00e4ger Karl Czakler Theresia Eisenk\u00f6lbl Stephan Wagner J\u00f6rg Jahnel Felix Dr\u00e4xler Erich Fuchs Volker Ziegler Guides Susanne P\u00f6tzi Guide for Austria \/ &#8230; <a class=\"read-more\" href=\"https:\/\/www.math.aau.at\/MEMO2016\/?page_id=191\">Read more<\/a><\/p>\n","protected":false},"author":2,"featured_media":0,"parent":0,"menu_order":0,"comment_status":"closed","ping_status":"open","template":"","meta":[],"_links":{"self":[{"href":"https:\/\/www.math.aau.at\/MEMO2016\/index.php?rest_route=\/wp\/v2\/pages\/191"}],"collection":[{"href":"https:\/\/www.math.aau.at\/MEMO2016\/index.php?rest_route=\/wp\/v2\/pages"}],"about":[{"href":"https:\/\/www.math.aau.at\/MEMO2016\/index.php?rest_route=\/wp\/v2\/types\/page"}],"author":[{"embeddable":true,"href":"https:\/\/www.math.aau.at\/MEMO2016\/index.php?rest_route=\/wp\/v2\/users\/2"}],"replies":[{"embeddable":true,"href":"https:\/\/www.math.aau.at\/MEMO2016\/index.php?rest_route=%2Fwp%2Fv2%2Fcomments&post=191"}],"version-history":[{"count":18,"href":"https:\/\/www.math.aau.at\/MEMO2016\/index.php?rest_route=\/wp\/v2\/pages\/191\/revisions"}],"predecessor-version":[{"id":1315,"href":"https:\/\/www.math.aau.at\/MEMO2016\/index.php?rest_route=\/wp\/v2\/pages\/191\/revisions\/1315"}],"wp:attachment":[{"href":"https:\/\/www.math.aau.at\/MEMO2016\/index.php?rest_route=%2Fwp%2Fv2%2Fmedia&parent=191"}],"curies":[{"name":"wp","href":"https:\/\/api.w.org\/{rel}","templated":true}]}}