{"id":1249,"date":"2016-09-06T16:20:25","date_gmt":"2016-09-06T16:20:25","guid":{"rendered":"https:\/\/www.math.aau.at\/MEMO2016\/?page_id=1249"},"modified":"2016-09-06T16:20:25","modified_gmt":"2016-09-06T16:20:25","slug":"tv-appearances","status":"publish","type":"page","link":"https:\/\/www.math.aau.at\/MEMO2016\/?page_id=1249","title":{"rendered":"TV Appearances"},"content":{"rendered":"<p>The MEMO 2016 in V\u00f6cklabruck had three TV appearances:<\/p>\n<ul>\n<li>BildungsTV (&#8220;EducationTV&#8221;) by the Education Group GmbH:<br \/>\n<a href=\"https:\/\/www.edugroup.at\/bildungstv\/detail\/mathematikgenies-in-voecklabruck.html\">&#8220;Mathematikgenies in V\u00f6cklabruck&#8221;<\/a> (03:42)<\/li>\n<li>BTV (&#8220;District TV&#8221;) by Bezirks TV V\u00f6cklabruck GmbH:<br \/>\n<a href=\"http:\/\/www.btv.cc\/Mitteleuropaeische_Mathematik-Olympiade_2016\">&#8220;Mitteleurop\u00e4ische Mathematik-Olympiade 2016&#8221;<\/a> (03:58)<\/li>\n<li>Ober\u00f6sterreich Heute (Daily news of the federal state Ober\u00f6sterreich) by ORF (Austrian Broadcasting Corporation):<br \/>\n&#8220;Mathematik-Olympiade V\u00f6cklabruck&#8221; (02:16, video no longer available online)<\/li>\n<\/ul>\n","protected":false},"excerpt":{"rendered":"<p>The MEMO 2016 in V\u00f6cklabruck had three TV appearances: BildungsTV (&#8220;EducationTV&#8221;) by the Education Group GmbH: &#8220;Mathematikgenies in V\u00f6cklabruck&#8221; (03:42) BTV (&#8220;District TV&#8221;) by Bezirks TV V\u00f6cklabruck GmbH: &#8220;Mitteleurop\u00e4ische Mathematik-Olympiade 2016&#8221; (03:58) Ober\u00f6sterreich Heute (Daily news of the federal state Ober\u00f6sterreich) by ORF (Austrian Broadcasting Corporation): &#8220;Mathematik-Olympiade V\u00f6cklabruck&#8221; (02:16, video no longer available online)<\/p>\n","protected":false},"author":2,"featured_media":0,"parent":0,"menu_order":0,"comment_status":"closed","ping_status":"closed","template":"","meta":[],"_links":{"self":[{"href":"https:\/\/www.math.aau.at\/MEMO2016\/index.php?rest_route=\/wp\/v2\/pages\/1249"}],"collection":[{"href":"https:\/\/www.math.aau.at\/MEMO2016\/index.php?rest_route=\/wp\/v2\/pages"}],"about":[{"href":"https:\/\/www.math.aau.at\/MEMO2016\/index.php?rest_route=\/wp\/v2\/types\/page"}],"author":[{"embeddable":true,"href":"https:\/\/www.math.aau.at\/MEMO2016\/index.php?rest_route=\/wp\/v2\/users\/2"}],"replies":[{"embeddable":true,"href":"https:\/\/www.math.aau.at\/MEMO2016\/index.php?rest_route=%2Fwp%2Fv2%2Fcomments&post=1249"}],"version-history":[{"count":5,"href":"https:\/\/www.math.aau.at\/MEMO2016\/index.php?rest_route=\/wp\/v2\/pages\/1249\/revisions"}],"predecessor-version":[{"id":1254,"href":"https:\/\/www.math.aau.at\/MEMO2016\/index.php?rest_route=\/wp\/v2\/pages\/1249\/revisions\/1254"}],"wp:attachment":[{"href":"https:\/\/www.math.aau.at\/MEMO2016\/index.php?rest_route=%2Fwp%2Fv2%2Fmedia&parent=1249"}],"curies":[{"name":"wp","href":"https:\/\/api.w.org\/{rel}","templated":true}]}}